{"id":171,"date":"2018-12-09T11:32:19","date_gmt":"2018-12-09T10:32:19","guid":{"rendered":"https:\/\/www.patriarcatovenezia.it\/ufficio-amministrativo\/?page_id=171"},"modified":"2024-07-05T11:55:52","modified_gmt":"2024-07-05T09:55:52","slug":"fondi-8x1000","status":"publish","type":"page","link":"https:\/\/oldpatriarcatovenezia.glauco.it\/ufficio-amministrativo\/fondi-8x1000\/","title":{"rendered":"Fondi diocesani 8&#215;1000"},"content":{"rendered":"<h3><img loading=\"lazy\" class=\"alignnone wp-image-432\" src=\"https:\/\/www.patriarcatovenezia.it\/ufficio-amministrativo\/wp-content\/uploads\/sites\/8\/2021\/07\/Rendicontazione-1024x390.jpg\" alt=\"\" width=\"500\" height=\"190\" srcset=\"https:\/\/oldpatriarcatovenezia.glauco.it\/ufficio-amministrativo\/wp-content\/uploads\/sites\/8\/2021\/07\/Rendicontazione-1024x390.jpg 1024w, https:\/\/oldpatriarcatovenezia.glauco.it\/ufficio-amministrativo\/wp-content\/uploads\/sites\/8\/2021\/07\/Rendicontazione-300x114.jpg 300w, https:\/\/oldpatriarcatovenezia.glauco.it\/ufficio-amministrativo\/wp-content\/uploads\/sites\/8\/2021\/07\/Rendicontazione-768x293.jpg 768w, https:\/\/oldpatriarcatovenezia.glauco.it\/ufficio-amministrativo\/wp-content\/uploads\/sites\/8\/2021\/07\/Rendicontazione-360x137.jpg 360w, https:\/\/oldpatriarcatovenezia.glauco.it\/ufficio-amministrativo\/wp-content\/uploads\/sites\/8\/2021\/07\/Rendicontazione-1320x503.jpg 1320w, https:\/\/oldpatriarcatovenezia.glauco.it\/ufficio-amministrativo\/wp-content\/uploads\/sites\/8\/2021\/07\/Rendicontazione.jpg 1890w\" sizes=\"(max-width: 500px) 100vw, 500px\" \/><\/h3>\n<hr \/>\n<h5><span style=\"color: #000080\"><strong>Schede richiesta assegnazioni fondi 8 per Mille 2024<\/strong><\/span><\/h5>\n<ul>\n<li><a href=\"https:\/\/www.patriarcatovenezia.it\/ufficio-amministrativo\/wp-content\/uploads\/sites\/8\/2024\/07\/8xMille-2024-Scheda-assegnazioni-Carita.xlsx\">8xMille-2024-Scheda assegnazioni-Carit\u00e0<\/a><\/li>\n<li><a href=\"https:\/\/www.patriarcatovenezia.it\/ufficio-amministrativo\/wp-content\/uploads\/sites\/8\/2024\/07\/8xMille-2024-Scheda-assegnazioni-Culto-e-pastorale.xlsx\">8xMille-2024-Scheda assegnazioni-Culto e pastorale<\/a><\/li>\n<\/ul>\n<hr \/>\n<h5><span style=\"color: #000080\"><strong>Erogazioni dei fondi 8 per Mille, di competenza diocesana, per gli anni precedenti<\/strong><\/span><\/h5>\n<ul>\n<li><a href=\"https:\/\/www.patriarcatovenezia.it\/ufficio-amministrativo\/wp-content\/uploads\/sites\/8\/2024\/07\/8xMille-2023-Rendiconto-e-relazione-erogazioni.pdf\">Erogazioni e relazione rendiconto 8xMille 2023<\/a><\/li>\n<li><a href=\"https:\/\/www.patriarcatovenezia.it\/ufficio-amministrativo\/wp-content\/uploads\/sites\/8\/2023\/07\/8xMille-2022-Rendiconto-erogazioni-dettagliato.pdf\">Erogazioni 8xMille diocesi anno 2022<\/a><\/li>\n<li><a href=\"https:\/\/www.patriarcatovenezia.it\/ufficio-amministrativo\/wp-content\/uploads\/sites\/8\/2023\/07\/8xMille-2022-Relazione-esplicativa-su-rendiconto.pdf\">Relazione esplicativa su rendiconto 8xMille-2022<\/a><\/li>\n<li><a href=\"https:\/\/www.patriarcatovenezia.it\/ufficio-amministrativo\/wp-content\/uploads\/sites\/8\/2022\/07\/8xMille-Rendiconto-FIRMATO.pdf\">erogazioni 8&#215;1000 diocesi anno 2021 &#8211; Rendiconto<\/a><\/li>\n<li><a href=\"https:\/\/www.patriarcatovenezia.it\/ufficio-amministrativo\/wp-content\/uploads\/sites\/8\/2022\/07\/8xMille-2021-Relazione-esplicativa.pdf\">erogazioni 8&#215;1000 diocesi anno 2021 &#8211; Relazione_esplicativa<\/a><\/li>\n<li><a href=\"https:\/\/www.patriarcatovenezia.it\/ufficio-amministrativo\/2021\/07\/12\/rendicontazione-8x1000-anno-2020\/\">erogazioni 8&#215;1000 diocesi anno 2020<\/a><\/li>\n<\/ul>\n<hr \/>\n<h5><span style=\"color: #000080\"><strong>Assegnazione Straordinaria dei Fondi 8 per Mille anno 2022 \u2013 Solidariet\u00e0 Energetica<\/strong><\/span><\/h5>\n<ul>\n<li><a href=\"https:\/\/www.patriarcatovenezia.it\/ufficio-amministrativo\/wp-content\/uploads\/sites\/8\/2023\/07\/8xMille2022-Solidariet\u00e0-energetica-Rendiconto.pdf\">8xMille2022-Solidariet\u00e0 energetica-Rendiconto<\/a><\/li>\n<\/ul>\n<hr \/>\n<h5><span style=\"color: #000080\"><strong>Assegnazione Straordinaria dei Fondi 8\u00a0<\/strong><\/span><span style=\"color: #000080\"><strong>per Mille\u00a0<\/strong><\/span><strong style=\"color: #000080;font-size: 16px\">anno 2021 &#8211; EMERGENZA COVID-19<\/strong><\/h5>\n<p><strong>Totale assegnazione diocesana \u20ac 311.955,92<\/strong><\/p>\n<ol>\n<li><strong>Persone e famiglie in situazioni di povert\u00e0 e difficolt\u00e0<\/strong>\n<ul>\n<li>Fondo San Nicol\u00f2 per il sostegno al reddito \u20ac 150.000,00<\/li>\n<li>Fondo San Matteo \u20ac 35.000,00<\/li>\n<\/ul>\n<\/li>\n<li><strong>Enti ecclesiastici in situazioni di difficolt\u00e0 causate dall&#8217;emergenza<\/strong>\n<ul>\n<li>Aiuti economici alle parrocchie in difficolt\u00e0 \u20ac 30.000,00<\/li>\n<li>Sostegno alla Diocesi \u20ac 96.955,92<\/li>\n<\/ul>\n<\/li>\n<\/ol>\n<p><a href=\"https:\/\/www.patriarcatovenezia.it\/ufficio-amministrativo\/wp-content\/uploads\/sites\/8\/2021\/07\/Prot.CUR-2021-0872-873-Decreto-assegnazione-straordinaria-8x1000-2021.pdf\">Prot.CUR-2021-0872-873-Decreto assegnazione straordinaria 8&#215;1000-2021<\/a><\/p>\n<hr \/>\n<h5><span style=\"color: #000080\"><strong>Nuovo sistema di Rendicontazione<\/strong><\/span><\/h5>\n<p>Nel 2016 la Conferenze Episcopale Italiana affronta il tema della trasparenza nella gestione dei fondi 8&#215;1000 che annualmente sono messi a disposizione delle Diocesi italiane.<\/p>\n<p>Tale intervento nasce dal dovere verso l\u2019esterno di poter rendicontare l\u2019impiego dei fondi anche in seguito ad alcuni rilievi della Corte dei Conti e della Commissione paritetica, e dalla necessit\u00e0 interna alla comunit\u00e0 ecclesiale di piena trasparenza nell\u2019assegnazione e dell\u2019impiego dei contributi 8&#215;1000.<\/p>\n<p>Nel 2020 la CEI adotta un nuovo schema per la Rendicontazione delle somme ricevute da parte delle singole Diocesi; l\u2019utilizzo delle nuove schede per le assegnazioni e le verifiche nell\u2019impiego dei fondi sono obbligatorie a partire da quest\u2019anno.<\/p>\n<p>I contributi diocesani 8&#215;1000 possono essere impiegati in due ambiti ben distinti:<\/p>\n<ol>\n<li>Esigenze di culto e pastorale della popolazione<\/li>\n<li>Interventi caritativi a favore della collettivit\u00e0.<\/li>\n<\/ol>\n<p>Ciascuno dei due fondi prevede un elenco di aree di utilizzo con un numero preciso di interventi finanziabili.<\/p>\n<p>&nbsp;<\/p>\n<p><strong>1 &#8211; ESIGENZE DI CULTO E PASTORALE DELLA POPOLAZIONE<\/strong><\/p>\n<p style=\"padding-left: 30px\"><strong><strong>A. Esercizio del culto<\/strong><\/strong><\/p>\n<ol>\n<li><strong><em style=\"font-weight: 400\">Arredi sacri e beni strumenti per la liturgia<\/em><\/strong><\/li>\n<li><strong><em style=\"font-weight: 400\">Promozione e rinnovamento delle forme di piet\u00e0 popolare<\/em><\/strong><\/li>\n<li><strong><em style=\"font-weight: 400\">Formazione operatori liturgici<\/em><\/strong><\/li>\n<li><strong><em style=\"font-weight: 400\">Manutenzione edilizia di culto esistente<\/em><\/strong><\/li>\n<li><strong><em style=\"font-weight: 400\">Nuova edilizia di culto<\/em><\/strong><\/li>\n<li><strong><em style=\"font-weight: 400\">Beni culturali ecclesiastici<\/em><\/strong><\/li>\n<\/ol>\n<p style=\"padding-left: 30px\"><strong><strong>B. Cura delle anime<\/strong><\/strong><\/p>\n<ol>\n<li><strong><em style=\"font-weight: 400\">Curia diocesana e attivit\u00e0 pastorali diocesane e parrocchiali<\/em><\/strong><\/li>\n<li><strong><em style=\"font-weight: 400\">Tribunale ecclesiastico diocesano<\/em><\/strong><\/li>\n<li><strong><em style=\"font-weight: 400\">Mezzi di comunicazione sociale a finalit\u00e0 pastorale<\/em><\/strong><\/li>\n<li><strong><em style=\"font-weight: 400\">Formazione teologico pastorale del popolo di Dio<\/em><\/strong><\/li>\n<\/ol>\n<p style=\"padding-left: 30px\"><strong><strong>C. Scopi missionari<\/strong><\/strong><\/p>\n<ol>\n<li><strong><em style=\"font-weight: 400\">Centro missionario e animazione missionaria<\/em><\/strong><\/li>\n<li><strong><em style=\"font-weight: 400\">Volontari missionari laici<\/em><\/strong><\/li>\n<li><strong><em style=\"font-weight: 400\">Sacerdoti fidei donum<\/em><\/strong><\/li>\n<li><strong><em style=\"font-weight: 400\">Iniziative missionarie straordinarie<\/em><\/strong><\/li>\n<\/ol>\n<p style=\"padding-left: 30px\"><strong><strong>D. Catechesi ed educazione cristiana<\/strong><\/strong><\/p>\n<ol>\n<li><strong><em style=\"font-weight: 400\">Oratori e patronati per ragazzi e giovani<\/em><\/strong><\/li>\n<li><strong><em style=\"font-weight: 400\">Associazioni e aggregazioni ecclesiali per la formazione dei membri<\/em><\/strong><\/li>\n<li><strong><em style=\"font-weight: 400\">Iniziative di cultura religiosa<\/em><\/strong><\/li>\n<\/ol>\n<p>&nbsp;<\/p>\n<p><strong>2 &#8211; INTERVENTI CARITATIVI A FAVORE DELLA COLLETTIVIT\u00c0<\/strong><\/p>\n<p style=\"padding-left: 30px\"><strong>A. Distribuzione di aiuti a singole persone bisognose<\/strong><\/p>\n<ol>\n<li><em>Da parte della Diocesi<\/em><\/li>\n<li><em>Da parte delle parrocchie<\/em><\/li>\n<li><em>Da parte di altri enti ecclesiastici<\/em><\/li>\n<\/ol>\n<p style=\"padding-left: 30px\"><strong>B. Distribuzione di aiuti non immediati a persone bisognose<\/strong><\/p>\n<ol>\n<li><em>Da parte della Diocesi<\/em><\/li>\n<\/ol>\n<p style=\"padding-left: 30px\"><strong>C. Opere caritative diocesane<\/strong> (svolte direttamente dalla Diocesi\/Parrocchie\/Altri enti ecclesiastici)<\/p>\n<ol>\n<li><em>In favore di famiglie particolarmente disagiate<\/em><\/li>\n<li><em>In favore di categorie economicamente fragili<\/em><\/li>\n<li><em>In favore degli anziani<\/em><\/li>\n<li><em>In favore di persone senza fissa dimora<\/em><\/li>\n<li><em>In favore di portatori di handicap<\/em><\/li>\n<li><em>Per la prevenzione della devianza adolescenziale e della prostituzione<\/em><\/li>\n<li><em>In favore di immigrati, rifugiati e richiedenti asilo<\/em><\/li>\n<li><em>Per il recupero di vittime della tratta di essere umani<\/em><\/li>\n<li><em>In favore di vittime di dipendenza patologiche<\/em><\/li>\n<li><em>In favore di malati di AIDS<\/em><\/li>\n<li><em>In favore di vittime della pratica usuraia<\/em><\/li>\n<li><em>In favore del clero: anziano\/malato\/in condizione di necessit\u00e0<\/em><\/li>\n<li><em>In favore di minori abbandonati<\/em><\/li>\n<li><em>In favore di opere missionarie caritative<\/em><\/li>\n<\/ol>\n<hr \/>\n<h5><span style=\"color: #000080\"><strong>Indicazioni per le richieste di assegnazione<\/strong><\/span><\/h5>\n<p>Il criterio centrale \u00e8 costituito dalla necessit\u00e0 di non pensare i fondi 8&#215;1000 come dei contributi \u201ca pioggia\u201d e a \u201cfondo perduto\u201d ma piuttosto come una quota di contribuzione all\u2019interno di un <strong>progetto<\/strong> ben delineato con destinatari precisi, obiettivi chiari e con un piano finanziario adeguato. Il progetto va costruito dall\u2019ente richiedente per tempo, individuando eventuali partner da coinvolgere e ricercando le fonti di finanziamento. La fase della progettazione pu\u00f2 richiedere anche alcuni mesi di lavoro ed \u00e8 consigliabile avviarla e concluderla entro la prima met\u00e0 dell\u2019anno solare.<\/p>\n<p>Per la <strong>predisposizione del progetto e la richiesta del contributo<\/strong> \u00e8 necessario:<\/p>\n<ol>\n<li>Coinvolgere il Consiglio per gli affari economici e il consiglio pastorale;<\/li>\n<li>Utilizzare esclusivamente le schede scaricabili dalla pagina internet dell\u2019Ufficio amministrativo diocesano;<\/li>\n<li>Le schede vanno inviate in via telematica all\u2019Ufficio Amministrativo diocesano <strong>entro e non oltre il 15 settembre<\/strong> di ogni anno;<\/li>\n<\/ol>\n<p>Tutte le domande presentato saranno valutate dagli organi di consultazione (CAED e Consultori) entro il mese di ottobre di ogni anno e le assegnazioni saranno deliberate con Decreto del Patriarcato entro il 31 ottobre.<\/p>\n<p>\u00c8 necessario fare attenzione ad alcune indicazioni:<\/p>\n<ol>\n<li>Se l\u2019oggetto del progetto per il quale si chiede un contributo 8&#215;1000 \u00e8 un atto di straordinaria amministrazione (vedi Decreto patriarcale 29\/2006), \u00e8 necessario seguire anche l\u2019iter ordinario per ottenere la Licenza scritta;<\/li>\n<li>I contributi 8&#215;1000 possono essere richiesti esclusivamente dagli Enti Ecclesiastici. Se vi sono attivit\u00e0 svolte con il supporto di altre realt\u00e0, sar\u00e0 necessario predisporre una apposita convenzione;<\/li>\n<li>L\u2019Ente che ha ottenuto un contributo \u00e8 tenuto obbligatoriamente a <strong>rendicontare l\u2019utilizzo del contributo<\/strong> con la scheda predisposta<strong> entro il 15 maggio<\/strong> dell\u2019anno successivo a quello dell\u2019assegnazione.<\/li>\n<\/ol>\n<hr \/>\n<h5><span style=\"color: #000080\"><strong>Criteri diocesani<\/strong><\/span><\/h5>\n<p>Valutata l\u2019esperienza di questi anni, la Diocesi di Venezia ha deciso di adottare alcuni ulteriori criteri per l\u2019assegnazione dei contributi 8&#215;1000 per favorire una maggiore giustizia e consapevolezza del dovere di perseguire la corretta redazione della contabilit\u00e0:<\/p>\n<ol>\n<li>Perch\u00e9 la richiesta del contributo sia esaminata dall\u2019Ufficio Amministrativo \u00e8 necessario avere regolarmente presentato il Rendiconto parrocchiale;<\/li>\n<li>Inoltre, \u00e8 necessario avere saldato regolarmente tutti i debiti con la Diocesi;<\/li>\n<li>Normalmente non viene assegnato un contributo a quegli Enti che lo hanno ottenuto l\u2019anno precedente.<br \/>\n<hr \/>\n<\/li>\n<\/ol>\n","protected":false},"excerpt":{"rendered":"<p>Schede richiesta assegnazioni fondi 8 per Mille 2024 8xMille-2024-Scheda assegnazioni-Carit\u00e0 8xMille-2024-Scheda assegnazioni-Culto e pastorale Erogazioni dei fondi 8 per Mille, di competenza diocesana, per gli anni precedenti Erogazioni e relazione rendiconto 8xMille 2023 Erogazioni 8xMille diocesi anno 2022 Relazione esplicativa su rendiconto 8xMille-2022 erogazioni 8&#215;1000 diocesi anno 2021 &#8211; Rendiconto erogazioni 8&#215;1000 diocesi anno 2021&#8230;  <a class=\"excerpt-read-more\" href=\"https:\/\/oldpatriarcatovenezia.glauco.it\/ufficio-amministrativo\/fondi-8x1000\/\" title=\"Leggi Fondi diocesani 8&#215;1000\">&raquo; continua<\/a><\/p>\n","protected":false},"author":3,"featured_media":0,"parent":0,"menu_order":0,"comment_status":"closed","ping_status":"closed","template":"","meta":{"ip_address":"","user_agent":"","level":"","revision":"","cookie_id":"","page_referer":"","html_form":""},"acf":[],"_links":{"self":[{"href":"https:\/\/oldpatriarcatovenezia.glauco.it\/ufficio-amministrativo\/wp-json\/wp\/v2\/pages\/171"}],"collection":[{"href":"https:\/\/oldpatriarcatovenezia.glauco.it\/ufficio-amministrativo\/wp-json\/wp\/v2\/pages"}],"about":[{"href":"https:\/\/oldpatriarcatovenezia.glauco.it\/ufficio-amministrativo\/wp-json\/wp\/v2\/types\/page"}],"author":[{"embeddable":true,"href":"https:\/\/oldpatriarcatovenezia.glauco.it\/ufficio-amministrativo\/wp-json\/wp\/v2\/users\/3"}],"replies":[{"embeddable":true,"href":"https:\/\/oldpatriarcatovenezia.glauco.it\/ufficio-amministrativo\/wp-json\/wp\/v2\/comments?post=171"}],"version-history":[{"count":42,"href":"https:\/\/oldpatriarcatovenezia.glauco.it\/ufficio-amministrativo\/wp-json\/wp\/v2\/pages\/171\/revisions"}],"predecessor-version":[{"id":636,"href":"https:\/\/oldpatriarcatovenezia.glauco.it\/ufficio-amministrativo\/wp-json\/wp\/v2\/pages\/171\/revisions\/636"}],"wp:attachment":[{"href":"https:\/\/oldpatriarcatovenezia.glauco.it\/ufficio-amministrativo\/wp-json\/wp\/v2\/media?parent=171"}],"curies":[{"name":"wp","href":"https:\/\/api.w.org\/{rel}","templated":true}]}}