{"id":4089,"date":"2023-07-12T10:45:32","date_gmt":"2023-07-12T08:45:32","guid":{"rendered":"https:\/\/www.patriarcatovenezia.it\/esercizispirituali-oders\/?page_id=4089"},"modified":"2023-09-21T12:21:43","modified_gmt":"2023-09-21T10:21:43","slug":"presentazione-2","status":"publish","type":"page","link":"https:\/\/oldpatriarcatovenezia.glauco.it\/esercizispirituali-oders\/presentazione-2\/","title":{"rendered":"Presentazione"},"content":{"rendered":"<hr \/>\n<div id=\"attachment_176\" style=\"width: 310px\" class=\"wp-caption alignleft\"><a href=\"https:\/\/www.patriarcatovenezia.it\/esercizispirituali-oders\/wp-content\/uploads\/sites\/4\/2016\/03\/altare-2.jpg\" data-rel=\"lightbox-image-0\" data-rl_title=\"\" data-rl_caption=\"\" title=\"\"><img aria-describedby=\"caption-attachment-176\" loading=\"lazy\" class=\"size-medium wp-image-176\" src=\"https:\/\/www.patriarcatovenezia.it\/esercizispirituali-oders\/wp-content\/uploads\/sites\/4\/2016\/03\/altare-2-300x193.jpg\" alt=\"Casa di Spiritualit\u00e0, Dedicazione della Chiesa\" width=\"300\" height=\"193\" srcset=\"https:\/\/oldpatriarcatovenezia.glauco.it\/esercizispirituali-oders\/wp-content\/uploads\/sites\/4\/2016\/03\/altare-2-300x193.jpg 300w, https:\/\/oldpatriarcatovenezia.glauco.it\/esercizispirituali-oders\/wp-content\/uploads\/sites\/4\/2016\/03\/altare-2-360x232.jpg 360w, https:\/\/oldpatriarcatovenezia.glauco.it\/esercizispirituali-oders\/wp-content\/uploads\/sites\/4\/2016\/03\/altare-2.jpg 387w\" sizes=\"(max-width: 300px) 100vw, 300px\" \/><\/a><p id=\"caption-attachment-176\" class=\"wp-caption-text\">Casa Diocesana di Spiritualit\u00e0, <em>Dedicazione della Chiesa <\/em>(Cavallino 1 maggio 2001)<\/p><\/div>\n<p>A Venezia, nel 1983, il Patriarca Marco C\u00e8 ha costituito l\u2019<strong><em>Opera diocesana esercizi e ritiri spirituali<\/em><\/strong>, in sigla \u201cOders\u201d, con il compito di incrementare la vita spirituale della diocesi, valorizzando soprattutto l\u2019esperienza degli Esercizi Spirituali, dei Ritiri e degli incontri (o \u201cScuole\u201d) di preghiera.<\/p>\n<p>Si \u00e8 voluto in questo modo mettere a servizio di tutta la Chiesa diocesana uno strumento pastorale che, senza sostituirsi alle comunit\u00e0 parrocchiali, ai gruppi, ai movimenti,\u00a0 li sostenga nell\u2019offerta a tutti \u2013 non a particolari categorie di persone, anche se con viva attenzione alle esigenze delle differenti et\u00e0 e condizioni di vita \u2013\u00a0 occasioni, luoghi, tempi per l\u2019incontro con il Signore, nell\u2019ascolto della sua Parola, nella Liturgia, nella fraternit\u00e0.<\/p>\n<p>Divenuto Patriarca emerito, il Cardinale C\u00e8 ha accolto l\u2019invito dei suoi successori ad affiancarli nella guida e promozione degli esercizi spirituali diocesani e vi si \u00e8 dedicato assicurando la sua presenza finch\u00e9 le forze glielo hanno permesso e, nel suo ultimo anno di vita, impossibilitato a muoversi, li ha seguiti con il consiglio e la preghiera.<\/p>\n<p>Mons. Valerio Comin, gi\u00e0 segretario particolare del cardinale Marco C\u00e8, ha portato avanti per molti anni l&#8217;Opera con l&#8217;aiuto di un bel gruppo di persone, in particolare Gabriella Dri, per alimentare questa bella intuizione pastorale, che ha accompagnato ed arricchito la vita spirituale di moltissimi fedeli laici.<\/p>\n<p>Nel 2022\u00a0il Patriarca Francesco Moraglia ha stabilito che l&#8217;<em>Opera Diocesana Esercizi e Ritiri Spirituali<\/em> (ODERS), assorbendo alcune delle competenze del soppresso Ufficio Diocesano Pellegrinaggi, venisse ricostituita in <strong><em>Opera Diocesana Esercizi, Ritiri Spirituali e Pellegrinaggi<\/em> <\/strong>(ODERSP), affidando il compito di questo servizio a\u00a0don Giacinto Danieli e don Filippo Malachin.<\/p>\n<hr \/>\n<h4><strong>Gli esercizi spirituali<\/strong><\/h4>\n<p><a href=\"https:\/\/www.patriarcatovenezia.it\/esercizispirituali-oders\/wp-content\/uploads\/sites\/4\/2021\/09\/IMG_20180420_191301.jpg\" data-rel=\"lightbox-image-1\" data-rl_title=\"\" data-rl_caption=\"\" title=\"\"><img loading=\"lazy\" class=\"size-medium wp-image-3720 alignleft\" src=\"https:\/\/www.patriarcatovenezia.it\/esercizispirituali-oders\/wp-content\/uploads\/sites\/4\/2021\/09\/IMG_20180420_191301-300x225.jpg\" alt=\"\" width=\"300\" height=\"225\" srcset=\"https:\/\/oldpatriarcatovenezia.glauco.it\/esercizispirituali-oders\/wp-content\/uploads\/sites\/4\/2021\/09\/IMG_20180420_191301-300x225.jpg 300w, https:\/\/oldpatriarcatovenezia.glauco.it\/esercizispirituali-oders\/wp-content\/uploads\/sites\/4\/2021\/09\/IMG_20180420_191301-768x576.jpg 768w, https:\/\/oldpatriarcatovenezia.glauco.it\/esercizispirituali-oders\/wp-content\/uploads\/sites\/4\/2021\/09\/IMG_20180420_191301-1024x768.jpg 1024w, https:\/\/oldpatriarcatovenezia.glauco.it\/esercizispirituali-oders\/wp-content\/uploads\/sites\/4\/2021\/09\/IMG_20180420_191301-360x270.jpg 360w, https:\/\/oldpatriarcatovenezia.glauco.it\/esercizispirituali-oders\/wp-content\/uploads\/sites\/4\/2021\/09\/IMG_20180420_191301-1320x990.jpg 1320w\" sizes=\"(max-width: 300px) 100vw, 300px\" \/><\/a>Giorni intensi, vissuti sempre in un clima di serenit\u00e0 e fraternit\u00e0. Immersi spesso e volentieri in un silenzio che parla e invita all\u2019ascolto per riscoprire il \u201cprimato di Dio\u201d. Mescolati assieme ad altre persone, di ogni et\u00e0 e provenienza. In una casa accogliente e, pur grande, dal carattere davvero \u201cfamiliare\u201d. Ricchi di momenti normali e straordinari insieme. Di quegli elementi, cio\u00e8, che compongono (o dovrebbero comporre) la vita ordinaria e \u201cbella\u201d di ogni cristiano. Di ogni battezzato, senza ulteriori aggettivi o chiss\u00e0 quali specializzazioni. \u00c8 quanto offrono a tutti, in ripetute occasioni durante l\u2019anno, gli esercizi spirituali diocesani che si svolgono a Cavallino e, in genere, nel paio di giorni che vanno dal venerd\u00ec sera alla domenica pomeriggio; solo talvolta si estendono pi\u00f9 a lungo, magari sfruttando qualche \u201cponte\u201d utile.<\/p>\n<p>La fisionomia delle giornate, con alcuni adattamenti in base alle diverse tipologie di destinatari, \u00e8 anzitutto orientata a dar rilievo alla \u201ccentralit\u00e0\u201d della Domenica \u2013 e in essa della santa Messa \u2013 come \u201cnaturale\u201d culmine degli esercizi spirituali. In un certo qual modo anticipata dalla liturgia delle ore, \u00e8 pi\u00f9 da vicino attesa con la celebrazione vigliare del sabato sera secondo il rito previsto, e mediante la familiarizzazione con i testi costitutivi la liturgia della parola, accostati precedentemente nella preghiera comunitaria, meditati e spiegati nell\u2019immediata preparazione alla Messa.<br \/>\nUn pomeriggio, solitamente il sabato, \u00e8 dedicato alla celebrazione comunitaria del sacramento della Riconciliazione, con un tempo prolungato e tranquillo per la Confessione individuale, mentre tutti possono continuare la preghiera in chiesa adorando l\u2019Eucaristia: gli esercizi spirituali, soprattutto mediante il perdono sacramentale, realizzano la rigenerazione delle persone e del popolo di Dio.<\/p>\n<p>In tale contesto, liturgico ed ecclesiale, l\u2019ascolto prolungato della Parola di Dio dona uno sguardo \u201csapienziale\u201d sulla propria vita e sulla storia.<\/p>\n<p>Non mancano, inoltre, momenti semplici di amicizia e dialogo tra i presenti, ad esempio, nella meditazione comunitaria e nel ritrovo in sala da pranzo per consumare insieme i pasti.<\/p>\n<p>Tutto concorre a favorire una profonda comunione, ravvivando la consapevolezza, gioiosa e impegnativa, di costituire l\u2019unica famiglia dei figli di Dio che \u00e8 la Chiesa.<\/p>\n<hr \/>\n<p>\u00abGli esercizi spirituali diocesani\u00a0\u2013\u00a0osserva mons.\u00a0Giacinto Danieli\u00a0\u2013 rappresentano un\u2019autentica\u00a0esperienza di Chiesa, proposta e\u00a0svolta per il bene delle persone,\u00a0a sostegno della vocazione battesimale di ciascuno. \u00c8 una dimensione profondamente evangelica ed umana, che risponde\u00a0a un preciso desiderio e bisogno,\u00a0che ci riporta e rinvia continuamente all\u2019umanit\u00e0 di Ges\u00f9, alla\u00a0sua \u201cpersona adorabile\u201d come\u00a0diceva spesso il Patriarca Marco\u00a0C\u00e8\u00bb.<\/p>\n<p>Vivere\u00a0un\u2019esperienza d\u2019incontro con la\u00a0Chiesa diocesana, nella sua\u00a0concretezza e variet\u00e0, ed accogliere una proposta spirituale robusta e semplice nello stesso\u00a0tempo perch\u00e9 contiene i \u201cfondamentali\u201d della vita cristiana necessari per ogni discepolo del Signore, qualunque sia il suo servizio e \u201cposto\u201d nella Chiesa e nel\u00a0mondo: il primato del dare spazio e ascolto a Dio che parla, la\u00a0centralit\u00e0 dell\u2019Eucaristia e la forza della convocazione ecclesiale\u00a0in assemblea liturgica, la riscoperta e la pratica del sacramento\u00a0della confessione, i momenti di\u00a0fraternit\u00e0 e di condivisione ecc.<\/p>\n<p>\u00abNegli esercizi\u00a0spirituali diocesani \u2013 continua\u00a0don Giacinto \u2013\u00a0si sperimenta il\u00a0sentirsi Chiesa.\u00a0Essere cristiani\u00a0non \u00e8 un affare\u00a0personale, genera un\u2019appartenenza. E, infatti, a partire\u00a0dal battesimo si\u00a0diventa insieme figli di Dio e figli della Chiesa\u00bb (mons. Giacinto Danieli)<\/p>\n<p>[Tratto da un articolo di A. Polet in Gente Veneta n. 36]<\/p>\n<hr \/>\n<h4><strong>La casa degli esercizi<\/strong><\/h4>\n<p><a href=\"https:\/\/www.patriarcatovenezia.it\/esercizispirituali-oders\/wp-content\/uploads\/sites\/4\/2019\/11\/es.-spir-5.13-036-ritocco-2.png\" data-rel=\"lightbox-image-2\" data-rl_title=\"\" data-rl_caption=\"\" title=\"\"><img loading=\"lazy\" class=\"size-medium wp-image-2779 alignleft\" src=\"https:\/\/www.patriarcatovenezia.it\/esercizispirituali-oders\/wp-content\/uploads\/sites\/4\/2019\/11\/es.-spir-5.13-036-ritocco-2-300x155.png\" alt=\"\" width=\"300\" height=\"155\" srcset=\"https:\/\/oldpatriarcatovenezia.glauco.it\/esercizispirituali-oders\/wp-content\/uploads\/sites\/4\/2019\/11\/es.-spir-5.13-036-ritocco-2-300x155.png 300w, https:\/\/oldpatriarcatovenezia.glauco.it\/esercizispirituali-oders\/wp-content\/uploads\/sites\/4\/2019\/11\/es.-spir-5.13-036-ritocco-2-768x396.png 768w, https:\/\/oldpatriarcatovenezia.glauco.it\/esercizispirituali-oders\/wp-content\/uploads\/sites\/4\/2019\/11\/es.-spir-5.13-036-ritocco-2-1024x528.png 1024w, https:\/\/oldpatriarcatovenezia.glauco.it\/esercizispirituali-oders\/wp-content\/uploads\/sites\/4\/2019\/11\/es.-spir-5.13-036-ritocco-2-360x186.png 360w, https:\/\/oldpatriarcatovenezia.glauco.it\/esercizispirituali-oders\/wp-content\/uploads\/sites\/4\/2019\/11\/es.-spir-5.13-036-ritocco-2.png 1196w\" sizes=\"(max-width: 300px) 100vw, 300px\" \/><\/a>La <strong>Casa<\/strong> diocesana di spiritualit\u00e0 <strong>Maria Assunta<\/strong>, situata a Cavallino-Treporti, \u00e8 stata costituita il 25 aprile del 2001 per volere dell\u2019allora Patriarca il Cardinale Marco Ce\u2019, ristrutturando nel 1988 il bene finora allora in possesso delle suore Dorotee.<\/p>\n<p>La Casa \u00e8 nata per dare respiro spirituale\u00a0alla Chiesa veneziana, un centro vitale a servizio delle comunit\u00e0 e dei singoli per proporre con forza la chiamata di tutti alla santit\u00e0 seminata dal Battesimo, per far fiorire carismi e ministeri a partire dall&#8217;ascolto della Parola di Dio e dalla centralit\u00e0 dell\u2019Eucaristia.<\/p>\n<blockquote><p>&#8220;Un luogo in cui sia possibile a tutti, almeno una volta\u00a0in vita, vivere qualche giorno in profondo silenzio perch\u00e9 tutto taccia, Dio parli e sia lui\u00a0il primo: \u00e8 un\u2019esperienza decisiva per la vita di una persona [&#8230;] Una Casa che \u00e8\u00a0un atto di amore per questa Chiesa e per questa storia in cui il Signore ci ha chiamati (card. Marco C\u00e8, <em>Preambolo allo statuto<\/em>, Venezia, 25 aprile 2001, Festa di San Marco)<\/p><\/blockquote>\n<p>La Casa ospita ritiri e corsi di esercizi spirituali diocesani, ma anche convegni e proposte di carattere ecclesiale anche di altre diocesi.\u00a0Durante il periodo estivo accoglie famiglie e singoli per vacanze rigeneranti, periodi di riposo e svago con servizio religioso quotidiano.<\/p>\n<blockquote><p>Facendo la casa degli esercizi io altro non ho inteso che dare il &#8220;cuore&#8221; alla nostra Chiesa, convinto che l\u2019anima di ogni pastorale (e di ogni attivit\u00e0 ecclesiale) sia la docilit\u00e0 allo Spirito nella sequela di Ges\u00f9. Se la pastorale non \u00e8 formativa, non \u00e8 pastorale.\u00a0E siccome sono convinto che non si d\u00e0 vero impegno di Chiesa \u2013 nella catechesi, nella carit\u00e0 e nel volontariato o in qualunque altro campo, anche il meno esplicitamente \u201cspirituale\u201d \u2013 senza \u201cformazione\u201d, io \u201csogno\u201d la Casa di Esercizi come \u201cil pozzo di Sichar\u201d dove chiunque voglia incontrare il Signore \u2013 singoli o gruppi \u2013 trovi un luogo e una persona che gli indichi dove zampilla \u201cl\u2019acqua viva\u201d.\u00a0L\u2019esperienza degli esercizi spirituali, condotti nel silenzio del confronto con Dio solo, potrebbe dare \u201cverit\u00e0\u201d a tutto il nostro agire ecclesiale, anche il pi\u00f9 profano e periferico.\u00a0Ges\u00f9, con le sue giornate piene di lavoro (Cfr Mc 3.20; 6,31) dava spazi assoluti alla preghiera, cercava il silenzio, stava molto in compagnia dei suoi, pregando con loro, istruendoli nella durezza del loro cuore, facendoli partecipi della sua vita. Ges\u00f9, pensando al futuro del suo annuncio nei secoli, ha formato \u201cgli operai del Regno\u201d.\u00a0A questo punto io non trovo pi\u00f9 parole e il mio cuore si scioglie nella preghiera:\u00a0<em>\u201cDonaci, o Padre, lo Spirito Santo, perch\u00e9 gli spazi abitati da noi siano pieni della presenza di Ges\u00f9.\u00a0<\/em><em>E tu, Signore Ges\u00f9, che non disdegni di essere presente in piccole ostie di pane, non rifiutare la nostra miseria: fa\u2019 di noi luoghi della tua presenza, uomini che diffondano il contagio salvatore del divino Maestro. Amen\u201d.\u00a0 <\/em>(card. Marco C\u00e8,<em> Lettera ai collaboratori<\/em>, Venezia,\u00a028 febbraio 2001, Mercoled\u00ec delle Ceneri)<\/p><\/blockquote>\n","protected":false},"excerpt":{"rendered":"<p>A Venezia, nel 1983, il Patriarca Marco C\u00e8 ha costituito l\u2019Opera diocesana esercizi e ritiri spirituali, in sigla \u201cOders\u201d, con il compito di incrementare la vita spirituale della diocesi, valorizzando soprattutto l\u2019esperienza degli Esercizi Spirituali, dei Ritiri e degli incontri (o \u201cScuole\u201d) di preghiera. Si \u00e8 voluto in questo modo mettere a servizio di tutta&#8230;  <a class=\"excerpt-read-more\" href=\"https:\/\/oldpatriarcatovenezia.glauco.it\/esercizispirituali-oders\/presentazione-2\/\" title=\"Leggi Presentazione\">&raquo; continua<\/a><\/p>\n","protected":false},"author":10,"featured_media":0,"parent":0,"menu_order":8,"comment_status":"closed","ping_status":"closed","template":"","meta":{"ip_address":"","user_agent":"","level":"","revision":"","cookie_id":"","page_referer":"","html_form":""},"acf":[],"_links":{"self":[{"href":"https:\/\/oldpatriarcatovenezia.glauco.it\/esercizispirituali-oders\/wp-json\/wp\/v2\/pages\/4089"}],"collection":[{"href":"https:\/\/oldpatriarcatovenezia.glauco.it\/esercizispirituali-oders\/wp-json\/wp\/v2\/pages"}],"about":[{"href":"https:\/\/oldpatriarcatovenezia.glauco.it\/esercizispirituali-oders\/wp-json\/wp\/v2\/types\/page"}],"author":[{"embeddable":true,"href":"https:\/\/oldpatriarcatovenezia.glauco.it\/esercizispirituali-oders\/wp-json\/wp\/v2\/users\/10"}],"replies":[{"embeddable":true,"href":"https:\/\/oldpatriarcatovenezia.glauco.it\/esercizispirituali-oders\/wp-json\/wp\/v2\/comments?post=4089"}],"version-history":[{"count":10,"href":"https:\/\/oldpatriarcatovenezia.glauco.it\/esercizispirituali-oders\/wp-json\/wp\/v2\/pages\/4089\/revisions"}],"predecessor-version":[{"id":4211,"href":"https:\/\/oldpatriarcatovenezia.glauco.it\/esercizispirituali-oders\/wp-json\/wp\/v2\/pages\/4089\/revisions\/4211"}],"wp:attachment":[{"href":"https:\/\/oldpatriarcatovenezia.glauco.it\/esercizispirituali-oders\/wp-json\/wp\/v2\/media?parent=4089"}],"curies":[{"name":"wp","href":"https:\/\/api.w.org\/{rel}","templated":true}]}}