{"id":193,"date":"2016-01-11T15:37:07","date_gmt":"2016-01-11T14:37:07","guid":{"rendered":"https:\/\/www.patriarcatovenezia.it\/Evangelizzazione-e-Catechesi\/?page_id=193"},"modified":"2021-11-23T12:00:17","modified_gmt":"2021-11-23T11:00:17","slug":"catecumenato","status":"publish","type":"page","link":"https:\/\/oldpatriarcatovenezia.glauco.it\/Evangelizzazione-e-Catechesi\/settori\/catecumenato\/","title":{"rendered":"Servizio diocesano per il Catecumenato"},"content":{"rendered":"<p style=\"text-align: justify\"><a href=\"https:\/\/www.patriarcatovenezia.it\/Evangelizzazione-e-Catechesi\/wp-content\/uploads\/sites\/2\/2015\/10\/PH_108.jpg\" data-rel=\"lightbox-image-0\" data-rl_title=\"\" data-rl_caption=\"\" title=\"\"><img loading=\"lazy\" class=\"wp-image-469 size-medium alignleft\" src=\"https:\/\/www.patriarcatovenezia.it\/Evangelizzazione-e-Catechesi\/wp-content\/uploads\/sites\/2\/2015\/10\/PH_108-240x300.jpg\" alt=\"\" width=\"240\" height=\"300\" srcset=\"https:\/\/oldpatriarcatovenezia.glauco.it\/Evangelizzazione-e-Catechesi\/wp-content\/uploads\/sites\/2\/2015\/10\/PH_108-240x300.jpg 240w, https:\/\/oldpatriarcatovenezia.glauco.it\/Evangelizzazione-e-Catechesi\/wp-content\/uploads\/sites\/2\/2015\/10\/PH_108-820x1024.jpg 820w, https:\/\/oldpatriarcatovenezia.glauco.it\/Evangelizzazione-e-Catechesi\/wp-content\/uploads\/sites\/2\/2015\/10\/PH_108-224x280.jpg 224w, https:\/\/oldpatriarcatovenezia.glauco.it\/Evangelizzazione-e-Catechesi\/wp-content\/uploads\/sites\/2\/2015\/10\/PH_108-615x768.jpg 615w, https:\/\/oldpatriarcatovenezia.glauco.it\/Evangelizzazione-e-Catechesi\/wp-content\/uploads\/sites\/2\/2015\/10\/PH_108.jpg 1139w\" sizes=\"(max-width: 240px) 100vw, 240px\" \/><\/a><\/p>\n<p style=\"margin: 0cm;margin-bottom: .0001pt;text-align: justify\"><strong><span style=\"font-size: 14.0pt;font-family: Calibri;color: #333399\">Responsabile:<\/span><\/strong><span class=\"apple-converted-space\"><b><span style=\"font-size: 14.0pt;font-family: Calibri;color: #333399\">\u00a0<\/span><\/b><\/span><span style=\"font-size: 14.0pt;font-family: Calibri;color: #333399\">don Federico Bertotto &#8211; 041 2702463<\/span><\/p>\n<p style=\"margin: 0cm;margin-bottom: .0001pt;text-align: justify\"><span style=\"color: #333399\"><strong><span style=\"font-size: 14.0pt;font-family: Calibri;color: #333399\">Segreteria:<\/span><\/strong><span class=\"apple-converted-space\"><span style=\"font-size: 14.0pt;font-family: Calibri;color: #333399\">\u00a0<\/span><\/span><span style=\"font-size: 14.0pt;font-family: Calibri;color: #333399\">041-2702462 \u00a0&#8211; catechistico@patriarcatovenezia.it<\/span><\/span><\/p>\n<p style=\"margin: 0cm;margin-bottom: .0001pt;text-align: justify\"><strong>\u2014&#8212;&#8212;&#8212;&#8212;&#8212;&#8212;&#8212;&#8212;&#8212;&#8212;&#8212;&#8212;&#8212;&#8212;&#8212;&#8212;-\u2014<\/strong><\/p>\n<p style=\"margin: 0cm;margin-bottom: .0001pt;text-align: justify\"><strong>Il servizio diocesano per il Catecumenato<\/strong> si occupa delle figure di accompagnamento e degli itinerari per ragazzi, giovani e adulti che chiedono di diventare cristiani e quindi di ricevere\u00a0i Sacramenti dell&#8217;iniziazione cristiana. Esso si articola in:<\/p>\n<p style=\"text-align: justify\"><strong>\u2666 Catecumenato dei ragazzi<\/strong> (7-14 anni).\u00a0Per il cammino di accompagnamento dei ragazzi in et\u00e0 scolare ci si affida alla Guida fornita dal livello nazionale e si valuta di caso in caso (a seconda delle et\u00e0 e delle opportunit\u00e0 specifiche) la lunghezza e la tipologia dell&#8217;itinerario all&#8217;interno di gruppi di coetanei parrocchiali.<\/p>\n<p style=\"text-align: justify\"><strong>\u2666 Catecumenato degli adulti<\/strong> (dai 14 anni in su).\u00a0Per il cammino di accompagnamento di giovani e adulti il riferimento \u00e8 il RICA e gli <a href=\"https:\/\/www.patriarcatovenezia.it\/Evangelizzazione-e-Catechesi\/settori\/catecumenato\/orientamenti-diocesani-per-liniziazione-cristiana-degli-adulti\/\">Orientamenti diocesani<\/a> (2010) richiedibile presso l&#8217;Ufficio catechistico (e scaricabile in pdf in queste pagine) cos\u00ec come altri Documenti CEI utili.<\/p>\n<p style=\"text-align: justify\">Anche il <strong>completamento dei sacramenti dell&#8217;iniziazione cristiana<\/strong> di giovani e adulti (in genere il sacramento della Confermazione) ricade sotto questo servizio.<\/p>\n<h3 style=\"text-align: center\"><img loading=\"lazy\" class=\"wp-image-706 aligncenter\" src=\"https:\/\/www.patriarcatovenezia.it\/Evangelizzazione-e-Catechesi\/wp-content\/uploads\/sites\/2\/2016\/01\/catecum1-300x25.png\" alt=\"\" width=\"816\" height=\"68\" srcset=\"https:\/\/oldpatriarcatovenezia.glauco.it\/Evangelizzazione-e-Catechesi\/wp-content\/uploads\/sites\/2\/2016\/01\/catecum1-300x25.png 300w, https:\/\/oldpatriarcatovenezia.glauco.it\/Evangelizzazione-e-Catechesi\/wp-content\/uploads\/sites\/2\/2016\/01\/catecum1-768x64.png 768w, https:\/\/oldpatriarcatovenezia.glauco.it\/Evangelizzazione-e-Catechesi\/wp-content\/uploads\/sites\/2\/2016\/01\/catecum1-1024x85.png 1024w, https:\/\/oldpatriarcatovenezia.glauco.it\/Evangelizzazione-e-Catechesi\/wp-content\/uploads\/sites\/2\/2016\/01\/catecum1-360x30.png 360w\" sizes=\"(max-width: 816px) 100vw, 816px\" \/><\/h3>\n<p style=\"text-align: justify\">Le seguenti schede sono da utilizzare per segnalare l&#8217;avvenuto contatto con un simpatizzante o inoltrare le domande per le varie tappe del cammino di un catecumeno. Vanno debitamente compilate e spedite alla segreteria indirizzate a:<\/p>\n<p style=\"margin: 0cm;margin-bottom: .0001pt;text-align: center\" align=\"center\"><strong><span style=\"font-family: Calibri;color: #333333\">Servizio diocesano per il Catecumenato<\/span><\/strong><\/p>\n<p style=\"margin: 0cm;margin-bottom: .0001pt;text-align: center\" align=\"center\"><strong><span style=\"font-family: Calibri;color: #333333\">San Marco 320\/A &#8211; 30124 VENEZIA<\/span><\/strong><\/p>\n<p style=\"margin: 0cm;margin-bottom: .0001pt;text-align: center\" align=\"center\"><strong><span style=\"font-family: Calibri;color: #333333\">e-mail: <a href=\"mailto:catechistico@patriarcatovenezia.it\"><span style=\"font-weight: normal\">catechistico@patriarcatovenezia.it<\/span><\/a>\u00a0<\/span><\/strong><\/p>\n<p style=\"text-align: left\"><strong><span style=\"color: #993366\">FORMATO PDF<\/span><\/strong><\/p>\n<p><a href=\"https:\/\/www.patriarcatovenezia.it\/Evangelizzazione-e-Catechesi\/wp-content\/uploads\/sites\/2\/2016\/01\/a.-Scheda-1-di-accoglienza-dei-simpatizzanti.pdf\">a. Scheda [1] di accoglienza dei simpatizzanti<\/a><\/p>\n<p><a href=\"https:\/\/www.patriarcatovenezia.it\/Evangelizzazione-e-Catechesi\/wp-content\/uploads\/sites\/2\/2016\/01\/b.-Scheda-2-Domanda-di-ammissione-al-catecumenato.pdf\">b. Scheda [2] Domanda di ammissione al catecumenato<\/a><\/p>\n<p><a href=\"https:\/\/www.patriarcatovenezia.it\/Evangelizzazione-e-Catechesi\/wp-content\/uploads\/sites\/2\/2016\/01\/c.-Scheda-3-di-avvenuta-ammissione-al-catecumenato.pdf\">c. Scheda [3] di avvenuta ammissione al catecumenato<\/a><\/p>\n<p><a href=\"https:\/\/www.patriarcatovenezia.it\/Evangelizzazione-e-Catechesi\/wp-content\/uploads\/sites\/2\/2016\/01\/d.-Scheda-4-domanda-conferimento-sacramenti-IC-adulti.pdf\">d. Scheda [4] domanda conferimento sacramenti IC adulti<\/a><\/p>\n<p><a href=\"https:\/\/www.patriarcatovenezia.it\/Evangelizzazione-e-Catechesi\/wp-content\/uploads\/sites\/2\/2016\/01\/e.-Scheda-5-Richiesta-di-dispensa-per-la-celebrazione-dei-dei-sacramenti-IC.pdf\">e. Scheda [5] Richiesta di dispensa per la celebrazione dei dei sacramenti IC<\/a><\/p>\n<p><a href=\"https:\/\/www.patriarcatovenezia.it\/Evangelizzazione-e-Catechesi\/wp-content\/uploads\/sites\/2\/2016\/01\/g.Scheda-7-di-avvenuta-celebrazione-dei-sacramenti.pdf\">g.Scheda [7] di avvenuta celebrazione dei sacramenti<\/a><\/p>\n<p><a href=\"https:\/\/www.patriarcatovenezia.it\/Evangelizzazione-e-Catechesi\/wp-content\/uploads\/sites\/2\/2016\/01\/h.-Scheda-8-IC-7-14-anni.pdf\">h. Scheda [8] IC 7-14 anni<\/a><\/p>\n<p><a href=\"https:\/\/www.patriarcatovenezia.it\/Evangelizzazione-e-Catechesi\/wp-content\/uploads\/sites\/2\/2016\/01\/i.-Scheda-9-di-completamento-delliniziazione-cristiana.pdf\">i. <\/a><a href=\"https:\/\/www.patriarcatovenezia.it\/Evangelizzazione-e-Catechesi\/wp-content\/uploads\/sites\/2\/2016\/01\/i.-Scheda-9-di-completamento-delliniziazione-cristiana.pdf\">Scheda [9] di completamento dell&#8217;iniziazione cristiana<\/a><\/p>\n<p><a href=\"https:\/\/www.patriarcatovenezia.it\/Evangelizzazione-e-Catechesi\/wp-content\/uploads\/sites\/2\/2016\/01\/l.-Scheda-10-Domanda-di-ammissione-alla-piena-comunione-della-chiesa-cattolica.pdf\">l. Scheda [10] Domanda di ammissione alla piena comunione della chiesa cattolica<\/a><\/p>\n<p><strong><span style=\"color: #993366\">FORMATO WORD<\/span><\/strong><\/p>\n<p><a href=\"https:\/\/www.patriarcatovenezia.it\/Evangelizzazione-e-Catechesi\/wp-content\/uploads\/sites\/2\/2016\/01\/a.-Scheda-1-di-accoglienza-dei-simpatizzanti.doc\">a. Scheda [1] di accoglienza dei simpatizzanti<\/a><\/p>\n<p><a href=\"https:\/\/www.patriarcatovenezia.it\/Evangelizzazione-e-Catechesi\/wp-content\/uploads\/sites\/2\/2016\/01\/b.-Scheda-2-Domanda-di-ammissione-al-catecumenato.doc\">b. Scheda [2] Domanda di ammissione al catecumenato<\/a><\/p>\n<p><a href=\"https:\/\/www.patriarcatovenezia.it\/Evangelizzazione-e-Catechesi\/wp-content\/uploads\/sites\/2\/2016\/01\/c.-Scheda-3-di-avvenuta-ammissione-al-catecumenato.doc\">c. Scheda [3] di avvenuta ammissione al catecumenato<\/a><\/p>\n<p><a href=\"https:\/\/www.patriarcatovenezia.it\/Evangelizzazione-e-Catechesi\/wp-content\/uploads\/sites\/2\/2016\/01\/d.-Scheda-4-domanda-conferimento-sacramenti-IC-adulti.doc\">d. Scheda [4] domanda conferimento sacramenti IC adulti<\/a><\/p>\n<p><a href=\"https:\/\/www.patriarcatovenezia.it\/Evangelizzazione-e-Catechesi\/wp-content\/uploads\/sites\/2\/2016\/01\/e.-Scheda-5-Richiesta-di-dispensa-per-la-celebrazione-dei-dei-sacramenti-IC.doc\">e. Scheda [5] Richiesta di dispensa per la celebrazione dei dei sacramenti IC<\/a><\/p>\n<p><a href=\"https:\/\/www.patriarcatovenezia.it\/Evangelizzazione-e-Catechesi\/wp-content\/uploads\/sites\/2\/2016\/01\/g.Scheda-7-di-avvenuta-celebrazione-dei-sacramenti.doc\">g. Scheda [7] di avvenuta celebrazione dei sacramenti<\/a><\/p>\n<p><a href=\"https:\/\/www.patriarcatovenezia.it\/Evangelizzazione-e-Catechesi\/wp-content\/uploads\/sites\/2\/2016\/01\/h.-Scheda-8-IC-7-14-anni.doc\">h. Scheda [8] IC 7-14 anni<\/a><\/p>\n<p><a href=\"https:\/\/www.patriarcatovenezia.it\/Evangelizzazione-e-Catechesi\/wp-content\/uploads\/sites\/2\/2016\/01\/i.-Scheda-9-di-completamento-delliniziazione-cristiana.doc\">i. Scheda [9] di completamento dell&#8217;iniziazione cristiana<\/a><\/p>\n<p><a href=\"https:\/\/www.patriarcatovenezia.it\/Evangelizzazione-e-Catechesi\/wp-content\/uploads\/sites\/2\/2016\/01\/l.-Scheda-10-Domanda-di-ammissione-alla-piena-comunione-della-chiesa-cattolica.doc\">l. Scheda [10] Domanda di ammissione alla piena comunione della chiesa cattolica<\/a><\/p>\n<a href=\"http:\/\/www.chiesacattolica.it\/ucn\/siti_di_uffici_e_servizi\/ufficio_catechistico_nazionale\/00000285_Servizio_per_il_Catecumenato.html\"><img loading=\"lazy\" class=\"size-medium wp-image-303 alignleft\" src=\"https:\/\/www.patriarcatovenezia.it\/Evangelizzazione-e-Catechesi\/wp-content\/uploads\/sites\/2\/2016\/01\/Catecum-300x225.jpg\" alt=\"Catecum\" width=\"300\" height=\"225\" srcset=\"https:\/\/oldpatriarcatovenezia.glauco.it\/Evangelizzazione-e-Catechesi\/wp-content\/uploads\/sites\/2\/2016\/01\/Catecum-300x225.jpg 300w, https:\/\/oldpatriarcatovenezia.glauco.it\/Evangelizzazione-e-Catechesi\/wp-content\/uploads\/sites\/2\/2016\/01\/Catecum-360x270.jpg 360w, https:\/\/oldpatriarcatovenezia.glauco.it\/Evangelizzazione-e-Catechesi\/wp-content\/uploads\/sites\/2\/2016\/01\/Catecum.jpg 400w\" sizes=\"(max-width: 300px) 100vw, 300px\" \/><\/a>\n","protected":false},"excerpt":{"rendered":"<p>Responsabile:\u00a0don Federico Bertotto &#8211; 041 2702463 Segreteria:\u00a0041-2702462 \u00a0&#8211; catechistico@patriarcatovenezia.it \u2014&#8212;&#8212;&#8212;&#8212;&#8212;&#8212;&#8212;&#8212;&#8212;&#8212;&#8212;&#8212;&#8212;&#8212;&#8212;&#8212;-\u2014 Il servizio diocesano per il Catecumenato si occupa delle figure di accompagnamento e degli itinerari per ragazzi, giovani e adulti che chiedono di diventare cristiani e quindi di ricevere\u00a0i Sacramenti dell&#8217;iniziazione cristiana. Esso si articola in: \u2666 Catecumenato dei ragazzi (7-14 anni).\u00a0Per il cammino di&#8230;  <a class=\"excerpt-read-more\" href=\"https:\/\/oldpatriarcatovenezia.glauco.it\/Evangelizzazione-e-Catechesi\/settori\/catecumenato\/\" title=\"Leggi Servizio diocesano per il Catecumenato\">&raquo; continua<\/a><\/p>\n","protected":false},"author":9,"featured_media":0,"parent":210,"menu_order":2,"comment_status":"closed","ping_status":"closed","template":"page-simple.php","meta":{"ip_address":"","user_agent":"","level":"","revision":"","cookie_id":"","page_referer":"","html_form":""},"acf":[],"_links":{"self":[{"href":"https:\/\/oldpatriarcatovenezia.glauco.it\/Evangelizzazione-e-Catechesi\/wp-json\/wp\/v2\/pages\/193"}],"collection":[{"href":"https:\/\/oldpatriarcatovenezia.glauco.it\/Evangelizzazione-e-Catechesi\/wp-json\/wp\/v2\/pages"}],"about":[{"href":"https:\/\/oldpatriarcatovenezia.glauco.it\/Evangelizzazione-e-Catechesi\/wp-json\/wp\/v2\/types\/page"}],"author":[{"embeddable":true,"href":"https:\/\/oldpatriarcatovenezia.glauco.it\/Evangelizzazione-e-Catechesi\/wp-json\/wp\/v2\/users\/9"}],"replies":[{"embeddable":true,"href":"https:\/\/oldpatriarcatovenezia.glauco.it\/Evangelizzazione-e-Catechesi\/wp-json\/wp\/v2\/comments?post=193"}],"version-history":[{"count":16,"href":"https:\/\/oldpatriarcatovenezia.glauco.it\/Evangelizzazione-e-Catechesi\/wp-json\/wp\/v2\/pages\/193\/revisions"}],"predecessor-version":[{"id":3843,"href":"https:\/\/oldpatriarcatovenezia.glauco.it\/Evangelizzazione-e-Catechesi\/wp-json\/wp\/v2\/pages\/193\/revisions\/3843"}],"up":[{"embeddable":true,"href":"https:\/\/oldpatriarcatovenezia.glauco.it\/Evangelizzazione-e-Catechesi\/wp-json\/wp\/v2\/pages\/210"}],"wp:attachment":[{"href":"https:\/\/oldpatriarcatovenezia.glauco.it\/Evangelizzazione-e-Catechesi\/wp-json\/wp\/v2\/media?parent=193"}],"curies":[{"name":"wp","href":"https:\/\/api.w.org\/{rel}","templated":true}]}}